{"id":749,"date":"2023-05-15T14:17:14","date_gmt":"2023-05-15T14:17:14","guid":{"rendered":"https:\/\/equiclinicveterinarios.com\/aviso-legal"},"modified":"2025-06-30T10:39:11","modified_gmt":"2025-06-30T10:39:11","slug":"aviso-legal","status":"publish","type":"page","link":"https:\/\/equiclinicveterinarios.com\/va\/aviso-legal","title":{"rendered":"Av\u00eds legal"},"content":{"rendered":"<div data-elementor-type=\"wp-page\" data-elementor-id=\"749\" class=\"elementor elementor-749\" data-elementor-post-type=\"page\">\n\t\t\t\t\t\t<section class=\"elementor-section elementor-top-section elementor-element elementor-element-3391ba46 elementor-section-boxed elementor-section-height-default elementor-section-height-default\" data-id=\"3391ba46\" data-element_type=\"section\" data-e-type=\"section\">\n\t\t\t\t\t\t<div class=\"elementor-container elementor-column-gap-default\">\n\t\t\t\t\t<div class=\"elementor-column elementor-col-100 elementor-top-column elementor-element elementor-element-2c509ca0\" data-id=\"2c509ca0\" data-element_type=\"column\" data-e-type=\"column\">\n\t\t\t<div class=\"elementor-widget-wrap elementor-element-populated\">\n\t\t\t\t\t\t<div class=\"elementor-element elementor-element-72edda42 elementor-widget elementor-widget-text-editor\" data-id=\"72edda42\" data-element_type=\"widget\" data-e-type=\"widget\" data-widget_type=\"text-editor.default\">\n\t\t\t\t<div class=\"elementor-widget-container\">\n\t\t\t\t\t\t\t\t\t<h2>AV\u00cdS LEGAL I CONDICIONS GENERALS D&#039;\u00daS<\/h2>\n<h4>https:\/\/equiclinicveterinarios.com\/<\/h4>\n<h3>I. INFORMACI\u00d3 GENERAL<\/h3>\n<p>En compliment amb el deure informaci\u00f3 disposat a la Llei 34\/2002 de Serveis de la Societat de la Informaci\u00f3 i el Comer\u00e7 Electr\u00f2nic (LSSI-CE) d&#039;11 de juliol, es faciliten a continuaci\u00f3 les dades d&#039;informaci\u00f3 general d&#039;aquest lloc web seg\u00fcents:<\/p>\n<p>La titularitat d&#039;aquest lloc web, https:\/\/equiclinicveterinarios.com\/, (d&#039;ara endavant, Lloc Web) l&#039;ostenta: Equiclinic Veterinarios del Turia SL, prove\u00efda de NIF: B- 75513614 i inscrita a: Pobla de Valbona (Val\u00e8ncia) amb les dades registrals seg\u00fcents: C\/ Trinquet 5 de contacte s\u00f3n:<\/p>\n<p>Adre\u00e7a: C\/ Trinquet 53 A<\/p>\n<p>Tel\u00e8fon de contacte: 961918272<\/p>\n<p>Email de contacte: EQUICLINICVETERINARIS@GMAIL.COM<\/p>\n<h3>II. TERMES I CONDICIONS GENERALS D&#039;\u00daS<\/h3>\n<h4>L&#039;objecte de les condicions: El Lloc Web<\/h4>\n<p>L&#039;objecte d&#039;aquestes Condicions Generals d&#039;\u00das (d&#039;ara endavant, Condicions) \u00e9s regular l&#039;acc\u00e9s i la utilitzaci\u00f3 del Lloc Web. Als efectes de les presents Condicions s&#039;entendr\u00e0 com a Lloc Web: l&#039;aparen\u00e7a externa de les interf\u00edcies de pantalla, tant de forma est\u00e0tica com de forma din\u00e0mica, \u00e9s a dir, l&#039;arbre de navegaci\u00f3; i tots els elements integrats tant a les interf\u00edcies de pantalla com a l&#039;arbre de navegaci\u00f3 (d&#039;ara endavant, Continguts) i tots aquells serveis o recursos en l\u00ednia que si escau ofereixi als Usuaris (d&#039;ara endavant, Serveis).<\/p>\n<p>Equiclinic Veterinarios del Turia SL es reserva la facultat de modificar, en qualsevol moment, i sense av\u00eds previ, la presentaci\u00f3 i configuraci\u00f3 del Lloc Web i dels Continguts i Serveis que hi poguessin estar incorporats. als mateixos.<\/p>\n<p>L&#039;acc\u00e9s al Lloc Web per l&#039;Usuari t\u00e9 car\u00e0cter lliure i, per regla general, \u00e9s gratu\u00eft sense que l&#039;Usuari hagi de proporcionar una contraprestaci\u00f3 per poder gaudir-ne, llevat del cost de connexi\u00f3 a trav\u00e9s de la xarxa de telecomunicacions subministrada pel prove\u00efdor d&#039;acc\u00e9s que hagi contractat l&#039;Usuari.<\/p>\n<p>La utilitzaci\u00f3 d&#039;algun dels continguts o serveis del lloc web es pot fer mitjan\u00e7ant la subscripci\u00f3 o el registre previ de l&#039;usuari.<\/p>\n<h4>L&#039;Usuari<\/h4>\n<p>L&#039;acc\u00e9s, la navegaci\u00f3 i \u00fas del Lloc Web, aix\u00ed com pels espais habilitats per interactuar entre els Usuaris, i l&#039;Usuari i Equiclinic Veterinarios del Turia SL, com els comentaris i\/o espais de blogging, confereix la condici\u00f3 d&#039;Usuari, per la qual cosa s&#039;accepten, des que s&#039;inicia la navegaci\u00f3 pel Lloc web, totes les Condicions aqu\u00ed establertes normativa legal de compliment obligat segons el cas. Atesa la rellev\u00e0ncia de l&#039;anterior, es recomana a l&#039;Usuari llegir-les cada vegada que visiteu el Lloc Web.<\/p>\n<p>El Lloc Web d&#039;Equiclinic Veterinarios del Turia SL proporciona una gran diversitat d&#039;informaci\u00f3, serveis i dades. L&#039;Usuari assumeix la seva responsabilitat per fer un \u00fas correcte del Lloc Web. Aquesta responsabilitat s&#039;estendr\u00e0 a:<\/p>\n<ul>\n<li>Un \u00fas de la informaci\u00f3, continguts i\/o serveis i dades ofertes per Equiclinic Veterinarios del Turia SL sense que sigui contrari al que disposen aquestes Condicions, la Llei, la moral o l&#039;ordre p\u00fablic, o que de qualsevol altra manera puguin suposar lesi\u00f3 dels drets de tercers o del mateix funcionament del Lloc Web.<\/li>\n<li>La veracitat i licitud de les informacions aportades per l&#039;Usuari als formularis estesos per Equiclinic Veterinarios del Turia SL per a l&#039;acc\u00e9s a certs Continguts o Serveis oferts pel Lloc Web. En tot cas, l&#039;Usuari notificar\u00e0 de forma immediata a Equiclinic Veterinarios del Turia SL sobre qualsevol fet que permeti l&#039;\u00fas indegut de la informaci\u00f3 registrada en aquests formularis, com ara, per\u00f2 no nom\u00e9s, el robatori, la p\u00e8rdua, o l&#039;acc\u00e9s no autoritzat a identificadors i\/o contrasenyes, per tal de procedir a cancel\u00b7lar-la immediatament.<\/li>\n<\/ul>\n<p>Equiclinic Veterinarios del Turia SL es reserva el dret de retirar tots aquells comentaris i aportacions que vulnerin la llei, el respecte a la dignitat de la persona, que siguin discriminatoris, xen\u00f2fobs, racistes, pornogr\u00e0fics, spamming, que atemptin contra la joventut o la inf\u00e0ncia, l&#039;ordre o la seguretat p\u00fablica o que, al seu parer.<\/p>\n<p>En qualsevol cas, Equiclinic Veterinarios del Turia SL no ser\u00e0 responsable de les opinions abocades pels Usuaris a trav\u00e9s de comentaris o altres eines de blogging o de participaci\u00f3 que hi pugui haver.<\/p>\n<p>El mer acc\u00e9s a aquest Lloc Web no suposa entaular cap mena de relaci\u00f3 de car\u00e0cter comercial entre Equiclinic Veterinarios del Turia SL i l&#039;Usuari.<\/p>\n<p>Sempre en el respecte de la legislaci\u00f3 vigent, aquest Lloc Web d&#039;Equiclinic Veterinarios del Turia SL s&#039;adre\u00e7a a totes les persones, sense importar-ne l&#039;edat, que puguin accedir i\/o navegar per les p\u00e0gines del Lloc Web.<\/p>\n<p>El Lloc Web est\u00e0 dirigit principalment a Usuaris residents a Espanya. Equiclinic Veterinarios del Turia SL no assegura que el Lloc Web compleixi amb legislacions d&#039;altres pa\u00efsos, ja sigui totalment o parcialment. Si l&#039;Usuari resideix o t\u00e9 el seu domiciliat en un altre lloc i decideix accedir i\/o navegar al Lloc Web ho far\u00e0 sota la seva pr\u00f2pia responsabilitat, assegureu-vos que aquest acc\u00e9s i navegaci\u00f3 compleix amb la legislaci\u00f3 local que li \u00e9s aplicable, no assumint Equiclinic Veterinarios del Turia SL cap responsabilitat que es pugui derivar del dit acc\u00e9s.<\/p>\n<h3>III. ACC\u00c9S I NAVEGACI\u00d3 AL LLOC WEB: EXCLUSI\u00d3 DE GARANTIES I RESPONSABILITAT<\/h3>\n<p>Equiclinic Veterinarios del Turia SL no garanteix la continu\u00eftat, disponibilitat i utilitat del Lloc Web, ni dels Continguts o Serveis. Equiclinic Veterinarios del Turia SL far\u00e0 tot el possible pel bon funcionament del Lloc Web, per\u00f2, no es responsabilitza ni garanteix que l&#039;acc\u00e9s a aquest Lloc Web no sigui ininterromput o que estigui lliure d&#039;error.<\/p>\n<p>Tampoc no es responsabilitza o garanteix que el contingut o programari al qual es pugui accedir a trav\u00e9s d&#039;aquest Lloc Web, estigui lliure d&#039;error o causi un dany al sistema inform\u00e0tic (programari i maquinari) de l&#039;Usuari. En cap cas Equiclinic Veterinarios del Turia SL ser\u00e0 responsable per les p\u00e8rdues, danys o perjudicis de qualsevol tipus que sorgeixin per l&#039;acc\u00e9s, navegaci\u00f3 i \u00fas del Lloc Web, incloent-hi, per\u00f2 no limitant-se, als ocasionats als sistemes inform\u00e0tics o els provocats per la introducci\u00f3 de virus.<\/p>\n<p>Equiclinic Veterinarios del Turia SL tampoc no es fa responsable dels danys que poguessin ocasionar-se als usuaris per un \u00fas inadequat d&#039;aquest Lloc Web. En particular, no es fa responsable de cap manera de les caigudes, interrupcions, falta o defecte de les telecomunicacions que poguessin oc\u00f3rrer.<\/p>\n<h3>IV. POL\u00cdTICA D&#039;ENLLA\u00c7OS<\/h3>\n<p>L&#039;Usuari o tercer que faci un hiperenlla\u00e7 des d&#039;una p\u00e0gina web d&#039;un altre, diferent, lloc web al Lloc Web d&#039;Equiclinic Veterinarios del Turia SL haur\u00e0 de saber que:<\/p>\n<p>No es permet la reproducci\u00f3 \u2014totalment o parcialment\u2014 de cap dels Continguts i\/o Serveis del Lloc Web sense autoritzaci\u00f3 expressa d&#039;Equiclinic Veterinarios del Turia SL<\/p>\n<p>No es permet tampoc cap manifestaci\u00f3 falsa, inexacta o incorrecta sobre el Lloc Web d&#039;Equiclinic Veterinarios del Turia SL, ni sobre els Continguts i\/o Serveis del mateix.<\/p>\n<p>A excepci\u00f3 de l&#039;hiperenlla\u00e7, el lloc web en qu\u00e8 s&#039;estableixi aquest hiperenlla\u00e7 no contindr\u00e0 cap element, d&#039;aquest Lloc Web, protegit com a propietat intel\u00b7lectual per l&#039;ordenament jur\u00eddic espanyol, excepte autoritzaci\u00f3 expressa d&#039;Equiclinic Veterinarios del Turia SL<\/p>\n<p>L&#039;establiment de l&#039;hipervincle no implicar\u00e0 l&#039;exist\u00e8ncia de relacions entre Equiclinic Veterinarios del Turia SL i el titular del lloc web des del qual es realitzi, ni el coneixement i l&#039;acceptaci\u00f3 d&#039;Equiclinic Veterinarios del Turia SL dels continguts, serveis i\/o activitats ofertes en aquest lloc web, i viceversa.<\/p>\n<h3>V. PROPIETAT INTEL\u00b7LECTUAL I INDUSTRIAL<\/h3>\n<p>Equiclinic Veterinarios del Turia SL per si o com a part cession\u00e0ria, \u00e9s titular de tots els drets de propietat intel\u00b7lectual i industrial del Lloc Web, aix\u00ed com dels elements continguts en aquest (a t\u00edtol enunciatiu i no exhaustiu, imatges, so, \u00e0udio, v\u00eddeo, programari o textos, marques o logotips, combinacions de colors, estructura i disseny, selecci\u00f3 de materials. Seran, per tant, obres protegides com a propietat intel\u00b7lectual per l&#039;ordenament jur\u00eddic espanyol, i els seran aplicables tant la normativa espanyola i comunit\u00e0ria en aquest camp, com els tractats internacionals relatius a la mat\u00e8ria i subscrits per Espanya.<\/p>\n<p>Tots els drets reservats. En virtut del que disposa la Llei de propietat intel\u00b7lectual, queden expressament prohibides la reproducci\u00f3, la distribuci\u00f3 i la comunicaci\u00f3 p\u00fablica, inclosa la seva modalitat de posada a disposici\u00f3, de la totalitat o part dels continguts d&#039;aquesta p\u00e0gina web, amb fins comercials, en qualsevol suport i per qualsevol mitj\u00e0 t\u00e8cnic, sense l&#039;autoritzaci\u00f3 d&#039;Equiclinic Veterinarios del Turia SL<\/p>\n<p>L&#039;Usuari es compromet a respectar els drets de propietat intel\u00b7lectual i industrial d&#039;Equiclinic Veterinarios del Turia SL Podreu visualitzar els elements del Lloc Web o fins i tot imprimir-los, copiar-los i emmagatzemar-los al disc dur del vostre ordinador o en qualsevol altre suport f\u00edsic sempre que sigui, exclusivament, per a \u00fas personal. L&#039;Usuari, per\u00f2, no podr\u00e0 suprimir, alterar, o manipular qualsevol dispositiu de protecci\u00f3 o sistema de seguretat que estigu\u00e9s instal\u00b7lat al Lloc Web.<\/p>\n<p>En cas que l&#039;Usuari o tercer consideri que qualsevol dels Continguts del Lloc Web suposi una violaci\u00f3 dels drets de protecci\u00f3 de la propietat intel\u00b7lectual, ho haur\u00e0 de comunicar immediatament a Equiclinic Veterinarios del Turia SL a trav\u00e9s de les dades de contacte de l&#039;apartat d&#039;INFORMACI\u00d3 GENERAL d&#039;aquest Av\u00eds Legal i Condicions Generals d&#039;\u00das.<\/p>\n<h3>VI. ACCIONS LEGALS, LEGISLACI\u00d3 APLICABLE I JURISDICCI\u00d3<\/h3>\n<p>Equiclinic Veterinarios del Turia SL es reserva la facultat de presentar les accions civils o penals que consideri necess\u00e0ries per la utilitzaci\u00f3 indeguda del Lloc Web i Continguts, o per l&#039;incompliment de les presents Condicions.<\/p>\n<p>La relaci\u00f3 entre l&#039;Usuari i Equiclinic Veterinarios del Turia SL es regir\u00e0 per la normativa vigent i aplicable al territori espanyol. Si sorgeix qualsevol controv\u00e8rsia en relaci\u00f3 amb la interpretaci\u00f3 i\/o l&#039;aplicaci\u00f3 d&#039;aquestes Condicions, les parts sotmetran els seus conflictes a la jurisdicci\u00f3 ordin\u00e0ria sotmetent-se als jutges i tribunals que corresponguin d&#039;acord amb el dret.<\/p>\n<p>Aquest document d&#039;Av\u00eds Legal i Condicions Generals d&#039;\u00fas del lloc web ha estat creat mitjan\u00e7ant el generador de <a href=\"https:\/\/textos-legales.edgartamarit.com\/\">plantilla d&#039;av\u00eds legal i condicions d&#039;\u00fas<\/a> en l\u00ednia el dia 30\/06\/2025.<\/p>\n\n<p>\u00a0<\/p>\t\t\t\t\t\t\t\t<\/div>\n\t\t\t\t<\/div>\n\t\t\t\t\t<\/div>\n\t\t<\/div>\n\t\t\t\t\t<\/div>\n\t\t<\/section>\n\t\t\t\t<\/div>","protected":false},"excerpt":{"rendered":"<p>\u00a0<\/p>","protected":false},"author":2,"featured_media":0,"parent":0,"menu_order":0,"comment_status":"closed","ping_status":"closed","template":"","meta":{"footnotes":""},"class_list":["post-749","page","type-page","status-publish","hentry"],"_links":{"self":[{"href":"https:\/\/equiclinicveterinarios.com\/va\/wp-json\/wp\/v2\/pages\/749","targetHints":{"allow":["GET"]}}],"collection":[{"href":"https:\/\/equiclinicveterinarios.com\/va\/wp-json\/wp\/v2\/pages"}],"about":[{"href":"https:\/\/equiclinicveterinarios.com\/va\/wp-json\/wp\/v2\/types\/page"}],"author":[{"embeddable":true,"href":"https:\/\/equiclinicveterinarios.com\/va\/wp-json\/wp\/v2\/users\/2"}],"replies":[{"embeddable":true,"href":"https:\/\/equiclinicveterinarios.com\/va\/wp-json\/wp\/v2\/comments?post=749"}],"version-history":[{"count":4,"href":"https:\/\/equiclinicveterinarios.com\/va\/wp-json\/wp\/v2\/pages\/749\/revisions"}],"predecessor-version":[{"id":1723,"href":"https:\/\/equiclinicveterinarios.com\/va\/wp-json\/wp\/v2\/pages\/749\/revisions\/1723"}],"wp:attachment":[{"href":"https:\/\/equiclinicveterinarios.com\/va\/wp-json\/wp\/v2\/media?parent=749"}],"curies":[{"name":"wp","href":"https:\/\/api.w.org\/{rel}","templated":true}]}}