{"id":750,"date":"2023-05-15T14:17:14","date_gmt":"2023-05-15T14:17:14","guid":{"rendered":"https:\/\/equiclinicveterinarios.com\/privacidad"},"modified":"2025-06-30T10:29:59","modified_gmt":"2025-06-30T10:29:59","slug":"privacidad","status":"publish","type":"page","link":"https:\/\/equiclinicveterinarios.com\/va\/privacidad","title":{"rendered":"Pol\u00edtica de privadesa"},"content":{"rendered":"<div data-elementor-type=\"wp-page\" data-elementor-id=\"750\" class=\"elementor elementor-750\" data-elementor-post-type=\"page\">\n\t\t\t\t\t\t<section class=\"elementor-section elementor-top-section elementor-element elementor-element-58bb285e elementor-section-boxed elementor-section-height-default elementor-section-height-default\" data-id=\"58bb285e\" data-element_type=\"section\" data-e-type=\"section\">\n\t\t\t\t\t\t<div class=\"elementor-container elementor-column-gap-default\">\n\t\t\t\t\t<div class=\"elementor-column elementor-col-100 elementor-top-column elementor-element elementor-element-793cfbed\" data-id=\"793cfbed\" data-element_type=\"column\" data-e-type=\"column\">\n\t\t\t<div class=\"elementor-widget-wrap elementor-element-populated\">\n\t\t\t\t\t\t<div class=\"elementor-element elementor-element-425175fb elementor-widget elementor-widget-text-editor\" data-id=\"425175fb\" data-element_type=\"widget\" data-e-type=\"widget\" data-widget_type=\"text-editor.default\">\n\t\t\t\t<div class=\"elementor-widget-container\">\n\t\t\t\t\t\t\t\t\t<h2>POL\u00cdTICA DE PRIVACITAT DEL LLOC WEB<\/h2>\n<h4>https:\/\/equiclinicveterinarios.com\/<\/h4>\n<h3>I. POL\u00cdTICA DE PRIVACITAT I PROTECCI\u00d3 DE DADES<\/h3>\n<p>Respectant el que estableix la legislaci\u00f3 vigent, Equiclinic Veterinarios del Turia SL (d&#039;ara endavant, tamb\u00e9 Lloc Web) es compromet a adoptar les mesures t\u00e8cniques i organitzatives necess\u00e0ries, segons el nivell de seguretat adequat al risc de les dades recollides.<\/p>\n<h4>Lleis que incorpora aquesta pol\u00edtica de privadesa<\/h4>\n<p>Aquesta pol\u00edtica de privadesa est\u00e0 adaptada a la normativa espanyola i europea vigent en mat\u00e8ria de protecci\u00f3 de dades personals a internet. En concret, aquesta respecta les seg\u00fcents normes:<\/p>\n<ul>\n<li>El Reglament (UE) 2016\/679 del Parlament Europeu i del Consell, de 27 d&#039;abril del 2016, relatiu a la protecci\u00f3 de les persones f\u00edsiques pel que fa al tractament de dades personals ia la lliure circulaci\u00f3 d&#039;aquestes dades (RGPD).<\/li>\n<li>La Llei Org\u00e0nica 3\/2018, del 5 de desembre, de Protecci\u00f3 de Dades Personals i garantia dels drets digitals (LOPD-GDD).<\/li>\n<li>El Reial decret 1720\/2007, de 21 de desembre, pel qual saprova el Reglament de desplegament de la Llei Org\u00e0nica 15\/1999, de 13 de desembre, de Protecci\u00f3 de Dades de Car\u00e0cter Personal (RDLOPD).<\/li>\n<li>La Llei 34\/2002, de 11 de juliol, de Serveis de la Societat de la Informaci\u00f3 i de Comer\u00e7 Electr\u00f2nic (LSSI-CE).<\/li>\n<\/ul>\n<h4>Identitat del responsable del tractament de les dades personals<\/h4>\n<p>El responsable del tractament de les dades personals recollides a Equiclinic Veterinaris del T\u00faria SL \u00e9s: Equiclinic Veterinaris del T\u00faria SL, prove\u00efda de NIF\/CIF: B-75513614 i inscrit a: Equiclinic Veterinaris del T\u00faria SL amb les seg\u00fcents dades registrals: C\/ Trinquet 53 A, el representant del qual tractament). Les vostres dades de contacte s\u00f3n les seg\u00fcents:<\/p>\n<p>Adre\u00e7a: C\/ Trinquet 53 A<\/p>\n<p>Tel\u00e8fon de contacte: 961918272<\/p>\n<p>Email de contacte: equiclinicveterinario@gmail.com<\/p>\n<h4>Registre de Dades de Car\u00e0cter Personal<\/h4>\n<p>En compliment del que estableix el RGPD i la LOPD-GDD, us informem que les dades personals demanades per Equiclinic Veterinarios del Turia SL i aquest empleni, o per atendre una sol\u00b7licitud o consulta del mateix. Aix\u00ed mateix, de conformitat amb el que preveu el RGPD i la LOPD-GDD, llevat que sigui aplicable l&#039;excepci\u00f3 prevista a l&#039;article 30.5 del RGPD, es mant\u00e9 un registre d&#039;activitats de tractament que especifica, segons les seves finalitats, les activitats de tractament dutes a terme i les altres circumst\u00e0ncies establertes a l&#039;RGPD.<\/p>\n<h4>Principis aplicables al tractament de les dades personals<\/h4>\n<p>El tractament de les dades personals de l&#039;Usuari se sotmetr\u00e0 als seg\u00fcents principis recollits a l&#039;article 5 del RGPD ia l&#039;article 4 i seg\u00fcents de la Llei Org\u00e0nica 3\/2018, de 5 de desembre, de Protecci\u00f3 de Dades Personals i garantia dels drets digitals:<\/p>\n<ul>\n<li>Principi de licitud, lleialtat i transpar\u00e8ncia: es requerir\u00e0 en tot moment el consentiment de l&#039;Usuari pr\u00e8via informaci\u00f3 completament transparent de les finalitats per a les quals es recullen les dades personals.<\/li>\n<li>Principi de limitaci\u00f3 de la finalitat: les dades personals seran recollides amb fins determinats, expl\u00edcits i leg\u00edtims.<\/li>\n<li>Principi de minimitzaci\u00f3 de dades: les dades personals recollides seran \u00fanicament les estrictament necess\u00e0ries en relaci\u00f3 amb les finalitats per a les quals s\u00f3n tractades.<\/li>\n<li>Principi d&#039;exactitud: les dades personals han de ser exactes i estar sempre actualitzades.<\/li>\n<li>Principi de limitaci\u00f3 del termini de conservaci\u00f3: les dades personals nom\u00e9s seran mantingudes de manera que es permeti la identificaci\u00f3 de l&#039;Usuari durant el temps necessari per als fins del tractament.<\/li>\n<li>Principi d&#039;integritat i confidencialitat: les dades personals seran tractades de manera que se&#039;n garanteixi la seguretat i la confidencialitat.<\/li>\n<li>Principi de responsabilitat proactiva: el responsable del tractament ser\u00e0 responsable d&#039;assegurar que els principis anteriors es compleixen.<\/li>\n<\/ul>\n<h4>Categories de dades personals<\/h4>\n<p>Les categories de dades que es tracten a Equiclinic Veterinarios del Turia SL s\u00f3n \u00fanicament dades identificatives. En cap cas, no es tracten categories especials de dades personals en el sentit de l&#039;article 9 del RGPD.<\/p>\n<h4>Base legal per al tractament de les dades personals<\/h4>\n<p>La base legal per al tractament de les dades personals \u00e9s el consentiment. Equiclinic Veterinarios del Turia SL es compromet a demanar el consentiment expr\u00e9s i verificable de l&#039;Usuari per al tractament de les seves dades personals per a un o diversos fins espec\u00edfics.<\/p>\n<p>L&#039;Usuari tindr\u00e0 dret a retirar el consentiment en qualsevol moment. Ser\u00e0 tan f\u00e0cil retirar el consentiment com donar-ho. Com a regla general, la retirada del consentiment no condicionar\u00e0 l\u00fas del Lloc Web.<\/p>\n<p>En les ocasions en qu\u00e8 l&#039;Usuari hagi o pugui facilitar les seves dades a trav\u00e9s de formularis per realitzar consultes, sol\u00b7licitar informaci\u00f3 o per motius relacionats amb el contingut del Lloc Web, se us informar\u00e0 en cas que l&#039;emplenament d&#039;algun d&#039;ells sigui obligat\u00f2ria perqu\u00e8 siguin imprescindibles per al correcte desenvolupament de l&#039;operaci\u00f3 realitzada.<\/p>\n<h4>Fins del tractament a qu\u00e8 es destinen les dades personals<\/h4>\n<p>Les dades personals s\u00f3n recollides i gestionades per Equiclinic Veterinarios del Turia SL amb la finalitat de poder facilitar, agilitzar i complir els compromisos establerts entre el Lloc Web i l&#039;Usuari o el manteniment de la relaci\u00f3 que s&#039;estableixi als formularis que aquest \u00faltim empleni o per atendre una sol\u00b7licitud o consulta.<\/p>\n<p>Igualment, les dades podran ser utilitzades amb una finalitat comercial de personalitzaci\u00f3, operativa i estad\u00edstica, i activitats pr\u00f2pies de l&#039;objecte social d&#039;Equiclinic Veterinarios del Turia SL, aix\u00ed com per a l&#039;extracci\u00f3, emmagatzematge de dades i estudis de m\u00e0rqueting per adequar el Contingut ofert a l&#039;Usuari, aix\u00ed com millorar la qualitat, funcionament i navegaci\u00f3 pel Lloc Web.<\/p>\n<p>En el moment en qu\u00e8 s&#039;obtinguin les dades personals, s&#039;informar\u00e0 l&#039;Usuari sobre la finalitat o les finalitats espec\u00edfiques del tractament a qu\u00e8 es destinaran les dades personals; \u00e9s a dir, de l&#039;\u00fas o els usos que es donar\u00e0 a la informaci\u00f3 recopilada.<\/p>\n<h4>Per\u00edodes de retenci\u00f3 de les dades personals<\/h4>\n<p>Les dades personals nom\u00e9s seran retingudes durant el temps m\u00ednim necessari per als fins del seu tractament i, en tot cas, \u00fanicament durant el termini seg\u00fcent: 12 mesos, o fins que l&#039;Usuari sol\u00b7liciti la seva supressi\u00f3.<\/p>\n<p>En el moment en qu\u00e8 s&#039;obtinguin les dades personals, s&#039;informar\u00e0 l&#039;usuari sobre el termini durant el qual es conservaran les dades personals o, quan aix\u00f2 no sigui possible, els criteris utilitzats per determinar aquest termini.<\/p>\n<h4>Destinataris de les dades personals<\/h4>\n<p>Les dades personals de l&#039;Usuari seran compartides amb els seg\u00fcents destinataris o categories de destinataris:<\/p>\n<p>En cas que el Responsable del tractament tingui la intenci\u00f3 de transferir dades personals a un tercer pa\u00eds o organitzaci\u00f3 internacional, en el moment en qu\u00e8 s&#039;obtinguin les dades personals, s&#039;informar\u00e0 l&#039;Usuari sobre el tercer pa\u00eds o organitzaci\u00f3 internacional al qual es t\u00e9 la intenci\u00f3 de transferir les dades, aix\u00ed com de l&#039;exist\u00e8ncia o l&#039;abs\u00e8ncia d&#039;una decisi\u00f3 d&#039;adequaci\u00f3 de la Comissi\u00f3.<\/p>\n<h4>Dades personals de menors d&#039;edat<\/h4>\n<p>Respectant all\u00f2 establert als articles 8 del RGPD i 7 de la Llei Org\u00e0nica 3\/2018, de 5 de desembre, de Protecci\u00f3 de Dades Personals i garantia dels drets digitals, nom\u00e9s els majors de 14 anys podran atorgar el seu consentiment per al tractament de les seves dades personals de forma l\u00edcita per Equiclinic Veterinaris del T\u00faria SL Si es tracta d&#039;un tutors per al tractament, i aquest nom\u00e9s es considerar\u00e0 l\u00edcit en la mesura que aquests ho hagin autoritzat.<\/p>\n<h4>Secret i seguretat de les dades personals<\/h4>\n<p>Equiclinic Veterinarios del Turia SL es compromet a adoptar les mesures t\u00e8cniques i organitzatives necess\u00e0ries, segons el nivell de seguretat adequat al risc de les dades recollides, de manera que es garanteixi la seguretat de les dades de car\u00e0cter personal i s&#039;eviti la destrucci\u00f3, p\u00e8rdua o alteraci\u00f3 accidental o il\u00b7l\u00edcita de dades personals transmeses, conservades o tractades d&#039;una altra manera, o la comunicaci\u00f3.<\/p>\n<p>El Lloc Web compta amb un certificat SSL (Secure Socket Layer), que assegura que les dades personals es transmeten de manera segura i confidencial, en ser la transmissi\u00f3 de les dades entre el servidor i l&#039;Usuari, i en retroalimentaci\u00f3, totalment xifrada o encriptada.<\/p>\n<p>No obstant aix\u00f2, pel fet que Equiclinic Veterinarios del Turia SL no pot garantir la inexpugnabilitat d&#039;internet ni l&#039;abs\u00e8ncia total de hackers o altres que accedeixin de manera fraudulent a les dades personals, el Responsable del tractament es compromet a comunicar a l&#039;Usuari sense dilaci\u00f3 indeguda quan es produeixi una violaci\u00f3 de la seguretat de les dades personals f\u00edsiques. Seguint el que estableix l&#039;article 4 del RGPD, s&#039;ent\u00e9n per violaci\u00f3 de la seguretat de les dades personals tota violaci\u00f3 de la seguretat que ocasioni la destrucci\u00f3, p\u00e8rdua o alteraci\u00f3 accidental o il\u00b7l\u00edcita de dades personals transmeses, conservades o tractades d&#039;una altra manera, o la comunicaci\u00f3 o l&#039;acc\u00e9s no autoritzats a aquestes dades.<\/p>\n<p>Les dades personals seran tractades com a confidencials pel Responsable del tractament, qui es compromet a informar de ia garantir per mitj\u00e0 d&#039;una obligaci\u00f3 legal o contractual que aquesta confidencialitat sigui respectada pels seus empleats, associats, i tota persona a qui li faci accessible la informaci\u00f3.<\/p>\n<h4>Drets derivats del tractament de les dades personals<\/h4>\n<p>L&#039;Usuari t\u00e9 sobre Equiclinic Veterinarios del Turia SL i podr\u00e0, per tant, exercir davant del Responsable del tractament els seg\u00fcents drets reconeguts al RGPD i la Llei Org\u00e0nica 3\/2018, de 5 de desembre, de Protecci\u00f3 de Dades Personals i garantia dels drets digitals:<\/p>\n<ul>\n<li><em>Dret d&#039;acc\u00e9s:<\/em> \u00c9s el dret de l&#039;Usuari a obtenir confirmaci\u00f3 de si Equiclinic Veterinarios del Turia SL est\u00e0 tractant o no les seves dades personals i, en cas afirmatiu, obtenir informaci\u00f3 sobre les dades concretes de car\u00e0cter personal i del tractament que Equiclinic Veterinarios del Turia SL hagi realitzat o realitzi, aix\u00ed com, entre una altra, de la informaci\u00f3 disponible sobre l&#039;origen d&#039;aquestes dades i els destinataris de les dades.<\/li>\n<li><em>Dret de rectificaci\u00f3:<\/em> \u00c9s el dret de l&#039;Usuari que es modifiquin les seves dades personals que resultin ser inexactes o, tenint en compte les finalitats del tractament, incompletes.<\/li>\n<li><em>Dret de supressi\u00f3 (\u00abel dret a l&#039;oblit\u00bb):<\/em> \u00c9s el dret de l&#039;Usuari, sempre que la legislaci\u00f3 vigent no estableixi el contrari, a obtenir la supressi\u00f3 de les dades personals quan aquestes ja no siguin necess\u00e0ries per als fins per als quals van ser recollits o tractats; l&#039;Usuari hagi retirat el consentiment al tractament i aquest no compti amb una altra base legal; l&#039;Usuari s&#039;oposi al tractament i no hi hagi cap altre motiu leg\u00edtim per continuar amb aquest; les dades personals hagin estat tractades il\u00b7l\u00edcitament; les dades personals s&#039;han de suprimir en compliment d&#039;una obligaci\u00f3 legal; o les dades personals hagin estat obtingudes producte duna oferta directa de serveis de la societat de la informaci\u00f3 a un menor de 14 anys. A m\u00e9s de suprimir les dades, el Responsable del tractament, tenint en compte la tecnologia disponible i el cost de la seva aplicaci\u00f3, haur\u00e0 d&#039;adoptar mesures raonables per informar els responsables que estiguin tractant les dades personals de la sol\u00b7licitud de l&#039;interessat de supressi\u00f3 de qualsevol enlla\u00e7 a aquestes dades personals.<\/li>\n<li><em>Dret a la limitaci\u00f3 del tractament:<\/em> \u00c9s el dret de l&#039;Usuari a limitar el tractament de les vostres dades personals. L&#039;Usuari t\u00e9 dret a obtenir la limitaci\u00f3 del tractament quan impugni l&#039;exactitud de les dades personals; el tractament sigui il\u00b7l\u00edcit; el Responsable del tractament ja no necessiti les dades personals, per\u00f2 l&#039;Usuari ho necessiti per fer reclamacions; i quan l&#039;usuari s&#039;hagi oposat al tractament.<\/li>\n<li><em>Dret a la portabilitat de les dades:<\/em> En cas que el tractament s&#039;efectu\u00ef per mitjans automatitzats, l&#039;Usuari tindr\u00e0 dret a rebre del Responsable del tractament les dades personals en un format estructurat, d&#039;\u00fas com\u00fa i lectura mec\u00e0nica, ia transmetre&#039;ls a un altre responsable del tractament. Sempre que sigui t\u00e8cnicament possible, el responsable del tractament transmetr\u00e0 directament les dades a aquest altre responsable.<\/li>\n<li><em>Dret d&#039;oposici\u00f3:<\/em> \u00c9s el dret de l&#039;Usuari que no es dugui a terme el tractament de les seves dades de car\u00e0cter personal o se&#039;n cessi el tractament per Equiclinic Veterinarios del Turia SL<\/li>\n<li><em>Dret a no ser objecte d&#039;una decisi\u00f3 basada \u00fanicament en el tractament automatitzat, inclosa l&#039;elaboraci\u00f3 de perfils:<\/em> \u00c9s el dret de l&#039;Usuari a no ser objecte d&#039;una decisi\u00f3 individualitzada basada \u00fanicament en el tractament automatitzat de les vostres dades personals, inclosa l&#039;elaboraci\u00f3 de perfils, existent llevat que la legislaci\u00f3 vigent estableixi el contrari.<\/li>\n<\/ul>\n<p>Aix\u00ed doncs, l&#039;Usuari podr\u00e0 exercitar els seus drets mitjan\u00e7ant comunicaci\u00f3 escrita adre\u00e7ada al Responsable del tractament amb la refer\u00e8ncia RGPD-https:\/\/equiclinicveterinarios.com\/, especificant:<\/p>\n<ul>\n<li>Nom, cognoms de l&#039;usuari i c\u00f2pia del DNI. En els casos en qu\u00e8 s&#039;admeti la representaci\u00f3, tamb\u00e9 ser\u00e0 necess\u00e0ria la identificaci\u00f3 pel mateix mitj\u00e0 de la persona que representa l&#039;Usuari, aix\u00ed com el document acreditatiu de la representaci\u00f3. La fotoc\u00f2pia del DNI podr\u00e0 ser substitu\u00efda per qualsevol altre mitj\u00e0 v\u00e0lid en dret que acrediti la identitat.<\/li>\n<li>Petici\u00f3 amb els motius espec\u00edfics de la sol\u00b7licitud o informaci\u00f3 a qu\u00e8 es vol accedir.<\/li>\n<li>Domicili a efectes de notificacions.<\/li>\n<li>Data i signatura del sol\u00b7licitant.<\/li>\n<li>Tot document que acrediti la petici\u00f3 que formula.<\/li>\n<\/ul>\n<p>Aquesta sol\u00b7licitud i qualsevol altre document adjunt podr\u00e0 enviar-se a la seg\u00fcent adre\u00e7a i\/o correu electr\u00f2nic:<\/p>\n<p>Adre\u00e7a postal: C\/ Trinquet 53 A<\/p>\n<p>Correu electr\u00f2nic: equiclinicveterinario@gmail.com<\/p>\n<h4>Enlla\u00e7os a llocs web de tercers<\/h4>\n<p>El Lloc Web pot incloure hipervincles o enlla\u00e7os que permeten accedir a p\u00e0gines web de tercers diferents d&#039;Equiclinic Veterinarios del Turia SL, i que per tant no s\u00f3n operats per Equiclinic Veterinarios del Turia SL Els titulars d&#039;aquests llocs web disposaran de les seves pr\u00f2pies pol\u00edtiques de protecci\u00f3 de dades, sent ells mateixos, en cada cas, responsables de les seves pr\u00f2pies.<\/p>\n<h4>Reclamacions davant de l&#039;autoritat de control<\/h4>\n<p>En cas que l&#039;Usuari consideri que hi ha un problema o infracci\u00f3 de la normativa vigent en la forma com s&#039;estan tractant les seves dades personals, tindr\u00e0 dret a la tutela judicial efectiva ia presentar una reclamaci\u00f3 davant d&#039;una autoritat de control, en particular, a l&#039;Estat on tingui la resid\u00e8ncia habitual, el lloc de treball o el lloc de la suposada infracci\u00f3. En cas d&#039;Espanya, l&#039;autoritat de control \u00e9s l&#039;Ag\u00e8ncia Espanyola de Protecci\u00f3 de Dades (https:\/\/www.aepd.es\/).<\/p>\n<h3>II. ACCEPTACI\u00d3 I CANVIS EN AQUESTA POL\u00cdTICA DE PRIVACITAT<\/h3>\n<p>Cal que l&#039;Usuari hagi llegit i estigui conforme amb les condicions sobre la protecci\u00f3 de dades de car\u00e0cter personal contingudes en aquesta Pol\u00edtica de Privadesa, aix\u00ed com que accepti el tractament de les seves dades personals perqu\u00e8 el Responsable del tractament pugui procedir-hi en la forma, durant els terminis i per a les finalitats indicades. L&#039;\u00fas del Lloc Web implicar\u00e0 l&#039;acceptaci\u00f3 de la Pol\u00edtica de Privadesa del mateix.<\/p>\n<p>Equiclinic Veterinarios del Turia SL es reserva el dret a modificar la seva Pol\u00edtica de Privadesa, d&#039;acord amb el seu propi criteri, o motivat per un canvi legislatiu, jurisprudencial o doctrinal de l&#039;Ag\u00e8ncia Espanyola de Protecci\u00f3 de Dades Els canvis o actualitzacions d&#039;aquesta Pol\u00edtica de Privadesa darrers canvis o actualitzacions.<\/p>\n<p>Aquesta Pol\u00edtica de Privadesa va ser actualitzada per adaptar-se al Reglament (UE) 2016\/679 del Parlament Europeu i del Consell, de 27 d&#039;abril de 2016, relatiu a la protecci\u00f3 de les persones f\u00edsiques pel que fa al tractament de dades personals ia la lliure circulaci\u00f3 d&#039;aquestes dades (RGPD) ia la Llei Org\u00e0nica 3\/2018, de 5<\/p>\n<p>Aquest document de Pol\u00edtica de Privadesa d&#039;un lloc web ha estat creat mitjan\u00e7ant el generador de <a href=\"https:\/\/textos-legales.edgartamarit.com\/\">plantilla de pol\u00edtica de privadesa web gratis<\/a> en l\u00ednia el dia 30\/06\/2025.<\/p>\n<p><strong>ANNEX I \u2013 SISTEMA DE VIDEOVIGIL\u00c0NCIA<\/strong><\/p>\n<p>En compliment amb el que disposa el Reglament (UE) 2016\/679 del Parlament Europeu i del Consell, de 27 d&#039;abril de 2016 (RGPD), i la Llei Org\u00e0nica 3\/2018, de 5 de desembre, de Protecci\u00f3 de Dades Personals i garantia dels drets digitals, informem que la cl\u00ednica compta amb un sistema de v\u00eddeo.<\/p>\n<p><strong>Finalitat del tractament<\/strong><br \/>La finalitat del tractament de les imatges captades per les c\u00e0meres \u00e9s garantir la seguretat de les persones, b\u00e9ns i instal\u00b7lacions de la cl\u00ednica.<\/p>\n<p><strong>Base jur\u00eddica<\/strong><br \/>La base legal per al tractament de les imatges \u00e9s l&#039;inter\u00e8s leg\u00edtim del responsable del tractament a garantir la seguretat i la protecci\u00f3 de les seves instal\u00b7lacions, d&#039;acord amb l&#039;article 6.1.f) del RGPD.<\/p>\n<p><strong>Ubicaci\u00f3 de les c\u00e0meres<\/strong><br \/>Les cambres estan ubicades a zones comuns, d&#039;acc\u00e9s p\u00fablic i \u00e0rees internes no privades. En cap cas s&#039;instal\u00b7laran c\u00e0meres en zones on es pugui vulnerar el dret a la intimitat de les persones (com ara banys, vestuaris, consultes m\u00e8diques, etc.).<\/p>\n<p><strong>Termini de conservaci\u00f3<\/strong><br \/>Les imatges seran conservades per un termini m\u00e0xim de 30 dies, tret que hagin de ser conservades per m\u00e9s temps a causa de l&#039;exist\u00e8ncia d&#039;algun incident que hagi de ser posat en coneixement de les autoritats competents.<\/p>\n<p><strong>Destinataris de les dades<\/strong><br \/>Amb car\u00e0cter general, les imatges no s\u00f3n cedides a tercers, llevat del requeriment de les forces i els cossos de seguretat de l&#039;Estat o les autoritats judicials.<\/p>\n<p><strong>Drets dels interessats<\/strong><br \/>Els interessats podran exercir els seus drets d&#039;acc\u00e9s, supressi\u00f3, limitaci\u00f3 del tractament i oposici\u00f3, adre\u00e7ant-se per escrit al responsable del tractament a l&#039;adre\u00e7a indicada en aquesta pol\u00edtica de privadesa, acompanyant c\u00f2pia del seu document d&#039;identitat.<\/p>\n<p>S&#039;informa de l&#039;exist\u00e8ncia del sistema de videovigil\u00e0ncia mitjan\u00e7ant cartells informatius situats a llocs visibles, d&#039;acord amb la normativa vigent.<\/p>\n\n<p>\u00a0<\/p>\t\t\t\t\t\t\t\t<\/div>\n\t\t\t\t<\/div>\n\t\t\t\t\t<\/div>\n\t\t<\/div>\n\t\t\t\t\t<\/div>\n\t\t<\/section>\n\t\t\t\t<\/div>","protected":false},"excerpt":{"rendered":"<p>\u00a0<\/p>","protected":false},"author":2,"featured_media":0,"parent":0,"menu_order":0,"comment_status":"closed","ping_status":"closed","template":"","meta":{"footnotes":""},"class_list":["post-750","page","type-page","status-publish","hentry"],"_links":{"self":[{"href":"https:\/\/equiclinicveterinarios.com\/va\/wp-json\/wp\/v2\/pages\/750","targetHints":{"allow":["GET"]}}],"collection":[{"href":"https:\/\/equiclinicveterinarios.com\/va\/wp-json\/wp\/v2\/pages"}],"about":[{"href":"https:\/\/equiclinicveterinarios.com\/va\/wp-json\/wp\/v2\/types\/page"}],"author":[{"embeddable":true,"href":"https:\/\/equiclinicveterinarios.com\/va\/wp-json\/wp\/v2\/users\/2"}],"replies":[{"embeddable":true,"href":"https:\/\/equiclinicveterinarios.com\/va\/wp-json\/wp\/v2\/comments?post=750"}],"version-history":[{"count":3,"href":"https:\/\/equiclinicveterinarios.com\/va\/wp-json\/wp\/v2\/pages\/750\/revisions"}],"predecessor-version":[{"id":1716,"href":"https:\/\/equiclinicveterinarios.com\/va\/wp-json\/wp\/v2\/pages\/750\/revisions\/1716"}],"wp:attachment":[{"href":"https:\/\/equiclinicveterinarios.com\/va\/wp-json\/wp\/v2\/media?parent=750"}],"curies":[{"name":"wp","href":"https:\/\/api.w.org\/{rel}","templated":true}]}}