{"id":787,"date":"2023-09-26T11:08:27","date_gmt":"2023-09-26T11:08:27","guid":{"rendered":"https:\/\/equiclinicveterinarios.com\/?page_id=787"},"modified":"2024-09-12T12:17:50","modified_gmt":"2024-09-12T12:17:50","slug":"mario-yusa-alcocer","status":"publish","type":"page","link":"https:\/\/equiclinicveterinarios.com\/va\/mario-yusa-alcocer","title":{"rendered":"Mario Yus\u00e1 Alcocer"},"content":{"rendered":"<div data-elementor-type=\"wp-page\" data-elementor-id=\"787\" class=\"elementor elementor-787\" data-elementor-post-type=\"page\">\n\t\t\t\t\t\t<section class=\"elementor-section elementor-top-section elementor-element elementor-element-ceb2596 elementor-section-boxed elementor-section-height-default elementor-section-height-default\" data-id=\"ceb2596\" data-element_type=\"section\" data-e-type=\"section\">\n\t\t\t\t\t\t<div class=\"elementor-container elementor-column-gap-default\">\n\t\t\t\t\t<div class=\"elementor-column elementor-col-100 elementor-top-column elementor-element elementor-element-a118850\" data-id=\"a118850\" data-element_type=\"column\" data-e-type=\"column\">\n\t\t\t<div class=\"elementor-widget-wrap elementor-element-populated\">\n\t\t\t\t\t\t<div class=\"elementor-element elementor-element-a78d463 elementor-widget elementor-widget-spacer\" data-id=\"a78d463\" data-element_type=\"widget\" data-e-type=\"widget\" data-widget_type=\"spacer.default\">\n\t\t\t\t<div class=\"elementor-widget-container\">\n\t\t\t\t\t\t\t<div class=\"elementor-spacer\">\n\t\t\t<div class=\"elementor-spacer-inner\"><\/div>\n\t\t<\/div>\n\t\t\t\t\t\t<\/div>\n\t\t\t\t<\/div>\n\t\t\t\t<div class=\"elementor-element elementor-element-e762d98 eael-team-align-centered elementor-widget elementor-widget-eael-team-member\" data-id=\"e762d98\" data-element_type=\"widget\" data-e-type=\"widget\" data-widget_type=\"eael-team-member.default\">\n\t\t\t\t<div class=\"elementor-widget-container\">\n\t\t\t\t\t\n\n\t<div id=\"eael-team-member-e762d98\" class=\"eael-team-item eael-team-members-simple team-avatar-rounded\">\n\t\t<div class=\"eael-team-item-inner\">\n\t\t\t<div class=\"eael-team-image\">\n\t\t\t\t<figure>\n\t\t\t\t\t\t\t\t\t\t<img decoding=\"async\" src=\"https:\/\/equiclinicveterinarios.com\/wp-content\/uploads\/2022\/07\/equiclinic-00186-copia-scaled.jpg\" alt=\"\">\n\t\t\t\t\t\t\t\t\t<\/figure>\n\t\t\t\t\n\t\t\t\t\n\t\t\t<\/div>\n\n\t\t\t<div class=\"eael-team-content\">\n\t\t\t\t<h2 class=\"eael-team-member-name\">Mario Yus\u00e1 Alcocer<\/h2><h3 class=\"eael-team-member-position\">Veterinari<\/h3>\n\t\t\t\t\t\t\t\t\t\t\t\t\t\t<p class=\"eael-team-text\">Despr\u00e9s de set anys d&#039;experi\u00e8ncia i formaci\u00f3 cont\u00ednua en cirurgia i medicina veterin\u00e0ria de la m\u00e0 de professionals reconeguts dins del sector, lidera aquest projecte a la seva ciutat natal centrant inicialment la seva activitat en cl\u00ednica ambulant equina. <br><br>\n\nLa seva dedicaci\u00f3 i continua formaci\u00f3 en cirurgia de petits i grans animals el porta a agafar les regnes del servei de cirurgia d&#039;Equiclinic col\u00b7laborant amb diversos centres veterinaris a nivell nacional.    <br><br>\n\nL&#039;objectiu que di\u00e0riament promou la seva activitat \u00e9s garantir un servei competent i adequat a les necessitats de cada pacient, gestionant cada cas de manera personal i amb l&#039;oferta de serveis m\u00e9s avantguardista a l&#039;\u00e0mbit veterinari. <\/p>\n\t\t\t\t\t\t\t<\/div>\n\t\t<\/div>\n\t<\/div>\n\t\t\t\t\t<\/div>\n\t\t\t\t<\/div>\n\t\t\t\t\t<\/div>\n\t\t<\/div>\n\t\t\t\t\t<\/div>\n\t\t<\/section>\n\t\t\t\t<\/div>","protected":false},"excerpt":{"rendered":"<p>Mario Yus\u00e1 Alcocer Veterinari Despr\u00e9s de set anys d&#039;experi\u00e8ncia i formaci\u00f3 continuada en cirurgia i medicina veterin\u00e0ria de la m\u00e0 de reconeguts professionals dins del sector, lidera aquest projecte a la seva ciutat natal centrant inicialment la seva activitat en cl\u00ednica ambulant equina. La seva dedicaci\u00f3 i cont\u00ednua formaci\u00f3 en cirurgia de petits i grans animals el porta [\u2026]<\/p>","protected":false},"author":2,"featured_media":0,"parent":0,"menu_order":0,"comment_status":"closed","ping_status":"closed","template":"","meta":{"footnotes":""},"class_list":["post-787","page","type-page","status-publish","hentry"],"_links":{"self":[{"href":"https:\/\/equiclinicveterinarios.com\/va\/wp-json\/wp\/v2\/pages\/787","targetHints":{"allow":["GET"]}}],"collection":[{"href":"https:\/\/equiclinicveterinarios.com\/va\/wp-json\/wp\/v2\/pages"}],"about":[{"href":"https:\/\/equiclinicveterinarios.com\/va\/wp-json\/wp\/v2\/types\/page"}],"author":[{"embeddable":true,"href":"https:\/\/equiclinicveterinarios.com\/va\/wp-json\/wp\/v2\/users\/2"}],"replies":[{"embeddable":true,"href":"https:\/\/equiclinicveterinarios.com\/va\/wp-json\/wp\/v2\/comments?post=787"}],"version-history":[{"count":16,"href":"https:\/\/equiclinicveterinarios.com\/va\/wp-json\/wp\/v2\/pages\/787\/revisions"}],"predecessor-version":[{"id":1571,"href":"https:\/\/equiclinicveterinarios.com\/va\/wp-json\/wp\/v2\/pages\/787\/revisions\/1571"}],"wp:attachment":[{"href":"https:\/\/equiclinicveterinarios.com\/va\/wp-json\/wp\/v2\/media?parent=787"}],"curies":[{"name":"wp","href":"https:\/\/api.w.org\/{rel}","templated":true}]}}