{"id":792,"date":"2023-09-26T11:10:59","date_gmt":"2023-09-26T11:10:59","guid":{"rendered":"https:\/\/equiclinicveterinarios.com\/?page_id=792"},"modified":"2024-09-12T13:23:39","modified_gmt":"2024-09-12T13:23:39","slug":"lydia-del-barrio-del-sol","status":"publish","type":"page","link":"https:\/\/equiclinicveterinarios.com\/va\/lydia-del-barrio-del-sol","title":{"rendered":"Lydia del Barrio del Sol"},"content":{"rendered":"<div data-elementor-type=\"wp-page\" data-elementor-id=\"792\" class=\"elementor elementor-792\" data-elementor-post-type=\"page\">\n\t\t\t\t\t\t<section class=\"elementor-section elementor-top-section elementor-element elementor-element-ceb2596 elementor-section-boxed elementor-section-height-default elementor-section-height-default\" data-id=\"ceb2596\" data-element_type=\"section\" data-e-type=\"section\">\n\t\t\t\t\t\t<div class=\"elementor-container elementor-column-gap-default\">\n\t\t\t\t\t<div class=\"elementor-column elementor-col-100 elementor-top-column elementor-element elementor-element-a118850\" data-id=\"a118850\" data-element_type=\"column\" data-e-type=\"column\">\n\t\t\t<div class=\"elementor-widget-wrap elementor-element-populated\">\n\t\t\t\t\t\t<div class=\"elementor-element elementor-element-8938410 elementor-widget elementor-widget-spacer\" data-id=\"8938410\" data-element_type=\"widget\" data-e-type=\"widget\" data-widget_type=\"spacer.default\">\n\t\t\t\t<div class=\"elementor-widget-container\">\n\t\t\t\t\t\t\t<div class=\"elementor-spacer\">\n\t\t\t<div class=\"elementor-spacer-inner\"><\/div>\n\t\t<\/div>\n\t\t\t\t\t\t<\/div>\n\t\t\t\t<\/div>\n\t\t\t\t<div class=\"elementor-element elementor-element-e762d98 eael-team-align-centered elementor-widget elementor-widget-eael-team-member\" data-id=\"e762d98\" data-element_type=\"widget\" data-e-type=\"widget\" data-widget_type=\"eael-team-member.default\">\n\t\t\t\t<div class=\"elementor-widget-container\">\n\t\t\t\t\t\n\n\t<div id=\"eael-team-member-e762d98\" class=\"eael-team-item eael-team-members-simple team-avatar-rounded\">\n\t\t<div class=\"eael-team-item-inner\">\n\t\t\t<div class=\"eael-team-image\">\n\t\t\t\t<figure>\n\t\t\t\t\t\t\t\t\t\t<img decoding=\"async\" src=\"https:\/\/equiclinicveterinarios.com\/wp-content\/uploads\/2022\/07\/equiclinic-00197-2-scaled-e1677151327405.jpg\" alt=\"\">\n\t\t\t\t\t\t\t\t\t<\/figure>\n\t\t\t\t\n\t\t\t\t\n\t\t\t<\/div>\n\n\t\t\t<div class=\"eael-team-content\">\n\t\t\t\t<h2 class=\"eael-team-member-name\">Lydia del Barrio del Sol<\/h2><h3 class=\"eael-team-member-position\">Veterinari<\/h3>\n\t\t\t\t\t\t\t\t\t\t\t\t\t\t<p class=\"eael-team-text\">Llicenciada en veterin\u00e0ria per la Universitat de Lugo, ha dedicat tota la seva carrera a la cl\u00ednica equina. Despr\u00e9s d&#039;acabar els estudis va realitzar un internat a l&#039;Hospital Veterinari Serra de Madrid on va continuar com a veterin\u00e0ria cl\u00ednica del servei de medicina i cirurgia equina. <br><br>\n\nEl 2018 es trasllada a Val\u00e8ncia per iniciar un projecte personal i professional juntament amb Mario Yus\u00e1 amb la creaci\u00f3 d&#039;equiclinic veterinaris i, posteriorment, equiclinic mascotes. <br><br>\n\nLa seva exclusiva dedicaci\u00f3 a la cl\u00ednica equina i el seu especial inter\u00e8s per les cures intensives el porten continuar treballant amb diversos hospitals equins de refer\u00e8ncia dins i fora d&#039;Espanya, sent el seu objectiu m\u00e9s gran poder traslladar la gesti\u00f3 hospital\u00e0ria a la cl\u00ednica de camp, aportant a l&#039;equip un entorn protocol\u00b7lari amb dedicaci\u00f3 i supervisi\u00f3 directa i intensiva del pacient. <\/p>\n\t\t\t\t\t\t\t<\/div>\n\t\t<\/div>\n\t<\/div>\n\t\t\t\t\t<\/div>\n\t\t\t\t<\/div>\n\t\t\t\t\t<\/div>\n\t\t<\/div>\n\t\t\t\t\t<\/div>\n\t\t<\/section>\n\t\t\t\t<\/div>","protected":false},"excerpt":{"rendered":"<p>Lydia del Barri del Sol Veterinari Llicenciada en veterin\u00e0ria per la Universitat de Lugo, ha dedicat tota la seva carrera a la cl\u00ednica equina. Despr\u00e9s d&#039;acabar els estudis va realitzar un internat a l&#039;Hospital Veterinari Serra de Madrid on va continuar com a veterin\u00e0ria cl\u00ednica del servei de medicina i cirurgia equina. El 2018 es trasllada a Val\u00e8ncia [\u2026]<\/p>","protected":false},"author":2,"featured_media":0,"parent":0,"menu_order":0,"comment_status":"closed","ping_status":"closed","template":"","meta":{"footnotes":""},"class_list":["post-792","page","type-page","status-publish","hentry"],"_links":{"self":[{"href":"https:\/\/equiclinicveterinarios.com\/va\/wp-json\/wp\/v2\/pages\/792","targetHints":{"allow":["GET"]}}],"collection":[{"href":"https:\/\/equiclinicveterinarios.com\/va\/wp-json\/wp\/v2\/pages"}],"about":[{"href":"https:\/\/equiclinicveterinarios.com\/va\/wp-json\/wp\/v2\/types\/page"}],"author":[{"embeddable":true,"href":"https:\/\/equiclinicveterinarios.com\/va\/wp-json\/wp\/v2\/users\/2"}],"replies":[{"embeddable":true,"href":"https:\/\/equiclinicveterinarios.com\/va\/wp-json\/wp\/v2\/comments?post=792"}],"version-history":[{"count":13,"href":"https:\/\/equiclinicveterinarios.com\/va\/wp-json\/wp\/v2\/pages\/792\/revisions"}],"predecessor-version":[{"id":1575,"href":"https:\/\/equiclinicveterinarios.com\/va\/wp-json\/wp\/v2\/pages\/792\/revisions\/1575"}],"wp:attachment":[{"href":"https:\/\/equiclinicveterinarios.com\/va\/wp-json\/wp\/v2\/media?parent=792"}],"curies":[{"name":"wp","href":"https:\/\/api.w.org\/{rel}","templated":true}]}}