{"id":797,"date":"2023-09-26T11:12:33","date_gmt":"2023-09-26T11:12:33","guid":{"rendered":"https:\/\/equiclinicveterinarios.com\/?page_id=797"},"modified":"2024-09-12T13:29:48","modified_gmt":"2024-09-12T13:29:48","slug":"laia-ferrer-gordo","status":"publish","type":"page","link":"https:\/\/equiclinicveterinarios.com\/va\/laia-ferrer-gordo","title":{"rendered":"Laia Ferrer Gord\u00f3"},"content":{"rendered":"<div data-elementor-type=\"wp-page\" data-elementor-id=\"797\" class=\"elementor elementor-797\" data-elementor-post-type=\"page\">\n\t\t\t\t\t\t<section class=\"elementor-section elementor-top-section elementor-element elementor-element-ceb2596 elementor-section-boxed elementor-section-height-default elementor-section-height-default\" data-id=\"ceb2596\" data-element_type=\"section\" data-e-type=\"section\">\n\t\t\t\t\t\t<div class=\"elementor-container elementor-column-gap-default\">\n\t\t\t\t\t<div class=\"elementor-column elementor-col-100 elementor-top-column elementor-element elementor-element-a118850\" data-id=\"a118850\" data-element_type=\"column\" data-e-type=\"column\">\n\t\t\t<div class=\"elementor-widget-wrap elementor-element-populated\">\n\t\t\t\t\t\t<div class=\"elementor-element elementor-element-66997b4 elementor-widget elementor-widget-spacer\" data-id=\"66997b4\" data-element_type=\"widget\" data-e-type=\"widget\" data-widget_type=\"spacer.default\">\n\t\t\t\t<div class=\"elementor-widget-container\">\n\t\t\t\t\t\t\t<div class=\"elementor-spacer\">\n\t\t\t<div class=\"elementor-spacer-inner\"><\/div>\n\t\t<\/div>\n\t\t\t\t\t\t<\/div>\n\t\t\t\t<\/div>\n\t\t\t\t<div class=\"elementor-element elementor-element-e762d98 eael-team-align-centered elementor-widget elementor-widget-eael-team-member\" data-id=\"e762d98\" data-element_type=\"widget\" data-e-type=\"widget\" data-widget_type=\"eael-team-member.default\">\n\t\t\t\t<div class=\"elementor-widget-container\">\n\t\t\t\t\t\n\n\t<div id=\"eael-team-member-e762d98\" class=\"eael-team-item eael-team-members-simple team-avatar-rounded\">\n\t\t<div class=\"eael-team-item-inner\">\n\t\t\t<div class=\"eael-team-image\">\n\t\t\t\t<figure>\n\t\t\t\t\t\t\t\t\t\t<img decoding=\"async\" src=\"https:\/\/equiclinicveterinarios.com\/wp-content\/uploads\/2022\/07\/equiclinic-00177-scaled-e1677151618204.jpg\" alt=\"\">\n\t\t\t\t\t\t\t\t\t<\/figure>\n\t\t\t\t\n\t\t\t\t\n\t\t\t<\/div>\n\n\t\t\t<div class=\"eael-team-content\">\n\t\t\t\t<h2 class=\"eael-team-member-name\">Laia Ferrer Gord\u00f3<\/h2><h3 class=\"eael-team-member-position\">Veterinari<\/h3>\n\t\t\t\t\t\t\t\t\t\t\t\t\t\t<p class=\"eael-team-text\">La nostra companya Valenciana, Laia, \u00e9s Graduada a Veterin\u00e0ria per la Universitat de Saragossa. Va comen\u00e7ar la seva especialitzaci\u00f3 en medicina equina durant la carrera mitjan\u00e7ant la col\u00b7laboraci\u00f3 amb hospitals equins de refer\u00e8ncia nacional a Saragossa, Alacant i C\u00f2rdova. <br><br>\n\nDespr\u00e9s dels seus estudis, va realitzar dos internats a hospitals de refer\u00e8ncia. El primer a Pool House Equine Clinic a Lichfield, Regne Unit i, posteriorment, va tornar a Espanya per al seu segon internat a l&#039;Hospital Veterinari Sierra de Madrid.  <br><br>\n\nDurant el seu exercici professional al nostre equip, ha realitzat un M\u00e0ster en medicina i cirurgia equina i continua la seva formaci\u00f3 de forma activa amb l&#039;assist\u00e8ncia i aprofitament de diferents cursos i congressos, i les seves \u00e0rees d&#039;inter\u00e8s s\u00f3n la medicina interna i l&#039;odontologia equina. La nostra companya sempre aporta el toc d&#039;empatia als casos m\u00e9s complicats dedicant-se en cos i \u00e0nima al seguiment i la supervisi\u00f3 propera del pacient. <\/p>\n\t\t\t\t\t\t\t<\/div>\n\t\t<\/div>\n\t<\/div>\n\t\t\t\t\t<\/div>\n\t\t\t\t<\/div>\n\t\t\t\t\t<\/div>\n\t\t<\/div>\n\t\t\t\t\t<\/div>\n\t\t<\/section>\n\t\t\t\t<\/div>","protected":false},"excerpt":{"rendered":"<p>Laia Ferrer Gord\u00f3 Veterinari La nostra companya Valenciana, Laia, \u00e9s Graduada a Veterin\u00e0ria per la Universitat de Saragossa. Va comen\u00e7ar la seva especialitzaci\u00f3 en medicina equina durant la carrera mitjan\u00e7ant la col\u00b7laboraci\u00f3 amb hospitals equins de refer\u00e8ncia nacional a Saragossa, Alacant i C\u00f2rdova. Despr\u00e9s dels seus estudis, va realitzar dos internats a hospitals de refer\u00e8ncia. El primer a Pool House [\u2026]<\/p>","protected":false},"author":2,"featured_media":0,"parent":0,"menu_order":0,"comment_status":"closed","ping_status":"closed","template":"","meta":{"footnotes":""},"class_list":["post-797","page","type-page","status-publish","hentry"],"_links":{"self":[{"href":"https:\/\/equiclinicveterinarios.com\/va\/wp-json\/wp\/v2\/pages\/797","targetHints":{"allow":["GET"]}}],"collection":[{"href":"https:\/\/equiclinicveterinarios.com\/va\/wp-json\/wp\/v2\/pages"}],"about":[{"href":"https:\/\/equiclinicveterinarios.com\/va\/wp-json\/wp\/v2\/types\/page"}],"author":[{"embeddable":true,"href":"https:\/\/equiclinicveterinarios.com\/va\/wp-json\/wp\/v2\/users\/2"}],"replies":[{"embeddable":true,"href":"https:\/\/equiclinicveterinarios.com\/va\/wp-json\/wp\/v2\/comments?post=797"}],"version-history":[{"count":16,"href":"https:\/\/equiclinicveterinarios.com\/va\/wp-json\/wp\/v2\/pages\/797\/revisions"}],"predecessor-version":[{"id":1582,"href":"https:\/\/equiclinicveterinarios.com\/va\/wp-json\/wp\/v2\/pages\/797\/revisions\/1582"}],"wp:attachment":[{"href":"https:\/\/equiclinicveterinarios.com\/va\/wp-json\/wp\/v2\/media?parent=797"}],"curies":[{"name":"wp","href":"https:\/\/api.w.org\/{rel}","templated":true}]}}